{"id":28850,"date":"2021-11-12T13:37:36","date_gmt":"2021-11-12T16:37:36","guid":{"rendered":"https:\/\/trips-southamerica.com\/webold\/?page_id=28850"},"modified":"2021-11-12T14:40:44","modified_gmt":"2021-11-12T17:40:44","slug":"acerca-de-nosotros","status":"publish","type":"page","link":"https:\/\/trips-southamerica.com\/webold\/arg\/acerca-de-nosotros\/","title":{"rendered":"Acerca de Nosotros"},"content":{"rendered":"<p>[vc_row][vc_column][vc_column_text]<\/p>\n<h1 style=\"text-align: left;\">Acerca de Trips SouthAmerica<\/h1>\n<p>[\/vc_column_text][\/vc_column][\/vc_row][vc_row full_width=&#8221;stretch_row&#8221; content_placement=&#8221;top&#8221; css=&#8221;.vc_custom_1557327170522{margin-top: -15px !important;}&#8221;][vc_column width=&#8221;2\/3&#8243;][vc_column_text]<\/p>\n<h2 style=\"text-align: left;\">Somos un DMC con 20 a\u00f1os de experiencia ofreciendo servicios de alta calidad y eficiente capacidad de respuesta a clientes y pasajeros.<\/h2>\n<p>[\/vc_column_text][vc_separator][vc_column_text]<\/p>\n<h3 style=\"text-align: left;\">Nos enfocamos principalmente en la operaci\u00f3n de los productos y servicios (hoteles, excursiones, transferencias y experiencias especiales) en\u00a0<strong>Argentina, Chile, Brasil, Uruguay, Bolivia, Per\u00fa, Paraguay y Ant\u00e1rtica<\/strong><\/h3>\n<p>[\/vc_column_text][vc_column_text]<\/p>\n<p style=\"text-align: left;\">Entregamos viajes a medida y de inter\u00e9s especial, con los\u00a0<strong>m\u00e1s altos est\u00e1ndares y la continuidad de los servicios.<br \/>\n<\/strong>Somos\u00a0<strong>especialistas en destinos<\/strong>\u00a0con conocimiento interno de cada pa\u00eds.<br \/>\n<strong>La flexibilidad<\/strong>\u00a0con los requisitos de nuestros clientes, una\u00a0<strong>constante innovaci\u00f3n<\/strong>\u00a0y un\u00a0<strong>enfoque proactivo<\/strong>, son imprescindibles para nosotros.<br \/>\nOfrecemos una\u00a0<strong>ventanilla \u00fanica<\/strong>\u00a0para todas las necesidades operativas y administrativas en la regi\u00f3n.<br \/>\nSuministramos\u00a0<strong>herramientas de marketing<\/strong>, una\u00a0<strong>secci\u00f3n B2B<\/strong>\u00a0en l\u00ednea y redes sociales (Facebook, Twitter, Instagram, LinkedIn)<br \/>\nProporcionamos soporte operativo in situ las\u00a0<strong>24 horas del d\u00eda, los 7 d\u00edas de la semana.<br \/>\n<\/strong>Contamos con un\u00a0<strong>Seguro de Responsabilidad General.<br \/>\n<\/strong>Todas nuestras operaciones son\u00a0<strong>ambiental y socialmente responsables<\/strong>.<\/p>\n<p>[\/vc_column_text][\/vc_column][vc_column width=&#8221;1\/3&#8243;][vc_column_text]<\/p>\n<h2 style=\"text-align: left;\">Descarga nuestra presentaci\u00f3n digital (versi\u00f3n en ingl\u00e9s)<\/h2>\n<p>[\/vc_column_text][vc_single_image image=&#8221;15398&#8243; img_size=&#8221;full&#8221; alignment=&#8221;center&#8221;][vc_btn title=&#8221;Descargar Ahora&#8221; style=&#8221;flat&#8221; color=&#8221;juicy-pink&#8221; link=&#8221;url:https%3A%2F%2Fdrive.google.com%2Fopen%3Fid%3D10vP_r8m-waT0Sss7AdXFSW4GI2pJaFis||target:%20_blank|&#8221; css=&#8221;.vc_custom_1576153073271{margin-top: -20px !important;}&#8221;][\/vc_column][\/vc_row]<\/p>\n","protected":false},"excerpt":{"rendered":"<p>[vc_row][vc_column][vc_column_text] Acerca de Trips SouthAmerica [\/vc_column_text][\/vc_column][\/vc_row][vc_row full_width=&#8221;stretch_row&#8221; content_placement=&#8221;top&#8221; css=&#8221;.vc_custom_1557327170522{margin-top: -15px !important;}&#8221;][vc_column width=&#8221;2\/3&#8243;][vc_column_text] Somos un DMC con 20 a\u00f1os de experiencia ofreciendo servicios de alta calidad y<span class=\"excerpt-hellip\"> [\u2026]<\/span><\/p>\n","protected":false},"author":1,"featured_media":0,"parent":0,"menu_order":0,"comment_status":"closed","ping_status":"closed","template":"","meta":{"_joinchat":[]},"yoast_head":"<!-- This site is optimized with the Yoast SEO plugin v19.9 - https:\/\/yoast.com\/wordpress\/plugins\/seo\/ -->\n<title>Acerca de Nosotros - Trips SouthAmerica<\/title>\n<meta name=\"robots\" content=\"index, follow, max-snippet:-1, max-image-preview:large, max-video-preview:-1\" \/>\n<link rel=\"canonical\" href=\"https:\/\/trips-southamerica.com\/webold\/arg\/acerca-de-nosotros\/\" \/>\n<meta property=\"og:locale\" content=\"es_ES\" \/>\n<meta property=\"og:type\" content=\"article\" \/>\n<meta property=\"og:title\" content=\"Acerca de Nosotros - Trips SouthAmerica\" \/>\n<meta property=\"og:description\" content=\"[vc_row][vc_column][vc_column_text] Acerca de Trips SouthAmerica [\/vc_column_text][\/vc_column][\/vc_row][vc_row full_width=&#8221;stretch_row&#8221; content_placement=&#8221;top&#8221; css=&#8221;.vc_custom_1557327170522{margin-top: -15px !important;}&#8221;][vc_column width=&#8221;2\/3&#8243;][vc_column_text] Somos un DMC con 20 a\u00f1os de experiencia ofreciendo servicios de alta calidad y [\u2026]\" \/>\n<meta property=\"og:url\" content=\"https:\/\/trips-southamerica.com\/webold\/arg\/acerca-de-nosotros\/\" \/>\n<meta property=\"og:site_name\" content=\"Trips SouthAmerica\" \/>\n<meta property=\"article:publisher\" content=\"https:\/\/www.facebook.com\/tripsouthamerica\" \/>\n<meta property=\"article:modified_time\" content=\"2021-11-12T17:40:44+00:00\" \/>\n<meta name=\"twitter:card\" content=\"summary_large_image\" \/>\n<meta name=\"twitter:site\" content=\"@tsouthamerica\" \/>\n<meta name=\"twitter:label1\" content=\"Tiempo de lectura\" \/>\n\t<meta name=\"twitter:data1\" content=\"1 minuto\" \/>\n<script type=\"application\/ld+json\" class=\"yoast-schema-graph\">{\"@context\":\"https:\/\/schema.org\",\"@graph\":[{\"@type\":\"WebPage\",\"@id\":\"https:\/\/trips-southamerica.com\/webold\/arg\/acerca-de-nosotros\/\",\"url\":\"https:\/\/trips-southamerica.com\/webold\/arg\/acerca-de-nosotros\/\",\"name\":\"Acerca de Nosotros - Trips SouthAmerica\",\"isPartOf\":{\"@id\":\"https:\/\/trips-southamerica.com\/webold\/#website\"},\"datePublished\":\"2021-11-12T16:37:36+00:00\",\"dateModified\":\"2021-11-12T17:40:44+00:00\",\"breadcrumb\":{\"@id\":\"https:\/\/trips-southamerica.com\/webold\/arg\/acerca-de-nosotros\/#breadcrumb\"},\"inLanguage\":\"es-AR\",\"potentialAction\":[{\"@type\":\"ReadAction\",\"target\":[\"https:\/\/trips-southamerica.com\/webold\/arg\/acerca-de-nosotros\/\"]}]},{\"@type\":\"BreadcrumbList\",\"@id\":\"https:\/\/trips-southamerica.com\/webold\/arg\/acerca-de-nosotros\/#breadcrumb\",\"itemListElement\":[{\"@type\":\"ListItem\",\"position\":1,\"name\":\"Home\",\"item\":\"https:\/\/trips-southamerica.com\/webold\/es\/\"},{\"@type\":\"ListItem\",\"position\":2,\"name\":\"Acerca de Nosotros\"}]},{\"@type\":\"WebSite\",\"@id\":\"https:\/\/trips-southamerica.com\/webold\/#website\",\"url\":\"https:\/\/trips-southamerica.com\/webold\/\",\"name\":\"Trips SouthAmerica\",\"description\":\"South America Travel Operator\",\"publisher\":{\"@id\":\"https:\/\/trips-southamerica.com\/webold\/#organization\"},\"potentialAction\":[{\"@type\":\"SearchAction\",\"target\":{\"@type\":\"EntryPoint\",\"urlTemplate\":\"https:\/\/trips-southamerica.com\/webold\/?s={search_term_string}\"},\"query-input\":\"required name=search_term_string\"}],\"inLanguage\":\"es-AR\"},{\"@type\":\"Organization\",\"@id\":\"https:\/\/trips-southamerica.com\/webold\/#organization\",\"name\":\"Trips SouthAmerica\",\"url\":\"https:\/\/trips-southamerica.com\/webold\/\",\"logo\":{\"@type\":\"ImageObject\",\"inLanguage\":\"es-AR\",\"@id\":\"https:\/\/trips-southamerica.com\/webold\/#\/schema\/logo\/image\/\",\"url\":\"https:\/\/trips-southamerica.com\/webold\/wp-content\/uploads\/logo-header.png\",\"contentUrl\":\"https:\/\/trips-southamerica.com\/webold\/wp-content\/uploads\/logo-header.png\",\"width\":497,\"height\":79,\"caption\":\"Trips SouthAmerica\"},\"image\":{\"@id\":\"https:\/\/trips-southamerica.com\/webold\/#\/schema\/logo\/image\/\"},\"sameAs\":[\"https:\/\/www.linkedin.com\/company\/trips-southamerica\/\",\"http:\/\/trips-southamerica.com\/\",\"https:\/\/www.facebook.com\/tripsouthamerica\",\"https:\/\/twitter.com\/tsouthamerica\"]}]}<\/script>\n<!-- \/ Yoast SEO plugin. -->","yoast_head_json":{"title":"Acerca de Nosotros - Trips SouthAmerica","robots":{"index":"index","follow":"follow","max-snippet":"max-snippet:-1","max-image-preview":"max-image-preview:large","max-video-preview":"max-video-preview:-1"},"canonical":"https:\/\/trips-southamerica.com\/webold\/arg\/acerca-de-nosotros\/","og_locale":"es_ES","og_type":"article","og_title":"Acerca de Nosotros - Trips SouthAmerica","og_description":"[vc_row][vc_column][vc_column_text] Acerca de Trips SouthAmerica [\/vc_column_text][\/vc_column][\/vc_row][vc_row full_width=&#8221;stretch_row&#8221; content_placement=&#8221;top&#8221; css=&#8221;.vc_custom_1557327170522{margin-top: -15px !important;}&#8221;][vc_column width=&#8221;2\/3&#8243;][vc_column_text] Somos un DMC con 20 a\u00f1os de experiencia ofreciendo servicios de alta calidad y [\u2026]","og_url":"https:\/\/trips-southamerica.com\/webold\/arg\/acerca-de-nosotros\/","og_site_name":"Trips SouthAmerica","article_publisher":"https:\/\/www.facebook.com\/tripsouthamerica","article_modified_time":"2021-11-12T17:40:44+00:00","twitter_card":"summary_large_image","twitter_site":"@tsouthamerica","twitter_misc":{"Tiempo de lectura":"1 minuto"},"schema":{"@context":"https:\/\/schema.org","@graph":[{"@type":"WebPage","@id":"https:\/\/trips-southamerica.com\/webold\/arg\/acerca-de-nosotros\/","url":"https:\/\/trips-southamerica.com\/webold\/arg\/acerca-de-nosotros\/","name":"Acerca de Nosotros - Trips SouthAmerica","isPartOf":{"@id":"https:\/\/trips-southamerica.com\/webold\/#website"},"datePublished":"2021-11-12T16:37:36+00:00","dateModified":"2021-11-12T17:40:44+00:00","breadcrumb":{"@id":"https:\/\/trips-southamerica.com\/webold\/arg\/acerca-de-nosotros\/#breadcrumb"},"inLanguage":"es-AR","potentialAction":[{"@type":"ReadAction","target":["https:\/\/trips-southamerica.com\/webold\/arg\/acerca-de-nosotros\/"]}]},{"@type":"BreadcrumbList","@id":"https:\/\/trips-southamerica.com\/webold\/arg\/acerca-de-nosotros\/#breadcrumb","itemListElement":[{"@type":"ListItem","position":1,"name":"Home","item":"https:\/\/trips-southamerica.com\/webold\/es\/"},{"@type":"ListItem","position":2,"name":"Acerca de Nosotros"}]},{"@type":"WebSite","@id":"https:\/\/trips-southamerica.com\/webold\/#website","url":"https:\/\/trips-southamerica.com\/webold\/","name":"Trips SouthAmerica","description":"South America Travel Operator","publisher":{"@id":"https:\/\/trips-southamerica.com\/webold\/#organization"},"potentialAction":[{"@type":"SearchAction","target":{"@type":"EntryPoint","urlTemplate":"https:\/\/trips-southamerica.com\/webold\/?s={search_term_string}"},"query-input":"required name=search_term_string"}],"inLanguage":"es-AR"},{"@type":"Organization","@id":"https:\/\/trips-southamerica.com\/webold\/#organization","name":"Trips SouthAmerica","url":"https:\/\/trips-southamerica.com\/webold\/","logo":{"@type":"ImageObject","inLanguage":"es-AR","@id":"https:\/\/trips-southamerica.com\/webold\/#\/schema\/logo\/image\/","url":"https:\/\/trips-southamerica.com\/webold\/wp-content\/uploads\/logo-header.png","contentUrl":"https:\/\/trips-southamerica.com\/webold\/wp-content\/uploads\/logo-header.png","width":497,"height":79,"caption":"Trips SouthAmerica"},"image":{"@id":"https:\/\/trips-southamerica.com\/webold\/#\/schema\/logo\/image\/"},"sameAs":["https:\/\/www.linkedin.com\/company\/trips-southamerica\/","http:\/\/trips-southamerica.com\/","https:\/\/www.facebook.com\/tripsouthamerica","https:\/\/twitter.com\/tsouthamerica"]}]}},"_links":{"self":[{"href":"https:\/\/trips-southamerica.com\/webold\/arg\/wp-json\/wp\/v2\/pages\/28850"}],"collection":[{"href":"https:\/\/trips-southamerica.com\/webold\/arg\/wp-json\/wp\/v2\/pages"}],"about":[{"href":"https:\/\/trips-southamerica.com\/webold\/arg\/wp-json\/wp\/v2\/types\/page"}],"author":[{"embeddable":true,"href":"https:\/\/trips-southamerica.com\/webold\/arg\/wp-json\/wp\/v2\/users\/1"}],"replies":[{"embeddable":true,"href":"https:\/\/trips-southamerica.com\/webold\/arg\/wp-json\/wp\/v2\/comments?post=28850"}],"version-history":[{"count":4,"href":"https:\/\/trips-southamerica.com\/webold\/arg\/wp-json\/wp\/v2\/pages\/28850\/revisions"}],"predecessor-version":[{"id":29023,"href":"https:\/\/trips-southamerica.com\/webold\/arg\/wp-json\/wp\/v2\/pages\/28850\/revisions\/29023"}],"wp:attachment":[{"href":"https:\/\/trips-southamerica.com\/webold\/arg\/wp-json\/wp\/v2\/media?parent=28850"}],"curies":[{"name":"wp","href":"https:\/\/api.w.org\/{rel}","templated":true}]}}