{"id":10089,"date":"2019-05-08T10:26:10","date_gmt":"2019-05-08T13:26:10","guid":{"rendered":"https:\/\/trips-southamerica.com\/about-us\/"},"modified":"2025-06-30T17:33:26","modified_gmt":"2025-06-30T20:33:26","slug":"acerca-de-trips-southamerica","status":"publish","type":"page","link":"https:\/\/trips-southamerica.com\/webold\/es\/acerca-de-trips-southamerica\/","title":{"rendered":"Acerca de"},"content":{"rendered":"<p>[vc_row full_width=\u00bbstretch_row\u00bb css=\u00bb.vc_custom_1557326945771{margin-bottom: -35px !important;}\u00bb][vc_column][vc_column_text]<\/p>\n<h1 style=\"text-align: left;\">Acerca de Trips SouthAmerica<\/h1>\n<p>[\/vc_column_text][\/vc_column][\/vc_row][vc_row][vc_column][vc_empty_space height=\u00bb15px\u00bb][vc_column_text]<\/p>\n<h2>Somos un DMC con 20 a\u00f1os de experiencia ofreciendo servicios de alta calidad y eficiente capacidad de respuesta a clientes y pasajeros.<\/h2>\n<p>[\/vc_column_text][\/vc_column][\/vc_row][vc_row full_width=\u00bbstretch_row\u00bb content_placement=\u00bbtop\u00bb css=\u00bb.vc_custom_1557327170522{margin-top: -15px !important;}\u00bb][vc_column width=\u00bb2\/3&#8243;][vc_column_text]\u00bfPorqu\u00e9 elegirnos?<\/p>\n<p>Entregamos viajes a medida y de inter\u00e9s especial, con los\u00a0<strong>m\u00e1s altos est\u00e1ndares y la continuidad de los servicios.<br \/>\n<\/strong>Somos\u00a0<strong>especialistas en destinos<\/strong>\u00a0con conocimiento interno de cada pa\u00eds.<br \/>\n<strong>La flexibilidad<\/strong>\u00a0con los requisitos de nuestros clientes, una\u00a0<strong>constante innovaci\u00f3n<\/strong>\u00a0y un\u00a0<strong>enfoque proactivo<\/strong>, son imprescindibles para nosotros.<br \/>\nOfrecemos una\u00a0<strong>ventanilla \u00fanica<\/strong>\u00a0para todas las necesidades operativas y administrativas en la regi\u00f3n.<br \/>\nSuministramos\u00a0<strong>herramientas de marketing<\/strong>, una\u00a0<strong>secci\u00f3n B2B<\/strong>\u00a0en l\u00ednea y redes sociales (Facebook, Twitter, Instagram, LinkedIn)<br \/>\nProporcionamos soporte operativo in situ las\u00a0<strong>24 horas del d\u00eda, los 7 d\u00edas de la semana.<br \/>\n<\/strong>Contamos con un\u00a0<strong>Seguro de Responsabilidad General.<br \/>\n<\/strong>Todas nuestras operaciones son\u00a0<strong>ambiental y socialmente responsables<\/strong>.<\/p>\n<p>[\/vc_column_text][\/vc_column][vc_column width=\u00bb1\/3&#8243;][vc_single_image image=\u00bb15397&#8243; img_size=\u00bbfull\u00bb css=\u00bb.vc_custom_1651495628341{margin-bottom: -25px !important;}\u00bb][vc_column_text]<\/p>\n<h3 style=\"text-align: left;\">Sensaciones \u00fanicas:<br \/>\nDescarga nuestra presentaci\u00f3n digital (versi\u00f3n en ingl\u00e9s)<\/h3>\n<p>[\/vc_column_text][vc_btn title=\u00bbDecargar ahora\u00bb style=\u00bbflat\u00bb color=\u00bbjuicy-pink\u00bb align=\u00bbleft\u00bb i_align=\u00bbright\u00bb i_icon_fontawesome=\u00bbfas fa-cloud-download-alt\u00bb add_icon=\u00bbtrue\u00bb link=\u00bburl:https%3A%2F%2Fdrive.google.com%2Ffile%2Fd%2F1mDrbNriAgNGDjV4BInE-DbDRUbO0qaLA%2Fview%3Fusp%3Dshare_link|target:_blank\u00bb css=\u00bb.vc_custom_1673900578782{margin-top: -20px !important;}\u00bb][\/vc_column][\/vc_row][vc_row][vc_column][vc_empty_space height=\u00bb15px\u00bb][vc_column_text]<\/p>\n<h2 style=\"text-align: left;\">Nuestro Equipo<\/h2>\n<p>[\/vc_column_text][\/vc_column][\/vc_row][vc_row][vc_column width=\u00bb1\/4&#8243;][vc_single_image image=\u00bb29744&#8243; img_size=\u00bbmedium\u00bb alignment=\u00bbcenter\u00bb style=\u00bbvc_box_circle\u00bb el_class=\u00bbimagen-perfil\u00bb][vc_column_text]<\/p>\n<p class=\"lead mb-4\"><strong>Ver\u00f3nica Bravo<\/strong><br \/>\n<em>Co-propietario y CEO<\/em><\/p>\n<p>[\/vc_column_text][\/vc_column][vc_column width=\u00bb1\/4&#8243;][vc_single_image image=\u00bb29759&#8243; img_size=\u00bbmedium\u00bb alignment=\u00bbcenter\u00bb style=\u00bbvc_box_circle\u00bb el_class=\u00bbimagen-perfil\u00bb][vc_column_text]<\/p>\n<p class=\"lead mb-4\"><strong>Marcelo Verde<\/strong><br \/>\n<em>Co-propietario y CFO<\/em><\/p>\n<p>[\/vc_column_text][\/vc_column][vc_column width=\u00bb1\/4&#8243;][\/vc_column][vc_column width=\u00bb1\/4&#8243;][\/vc_column][\/vc_row][vc_row][vc_column width=\u00bb1\/5&#8243;][vc_single_image image=\u00bb29747&#8243; img_size=\u00bbmedium\u00bb alignment=\u00bbcenter\u00bb style=\u00bbvc_box_circle\u00bb el_class=\u00bbimagen-perfil\u00bb][vc_column_text]<\/p>\n<p class=\"lead mb-4\"><strong>Mart\u00edn\u00a0<\/strong><br \/>\n<em>Coordinador de Producto<\/em><\/p>\n<p>[\/vc_column_text][\/vc_column][vc_column width=\u00bb1\/5&#8243;][vc_single_image image=\u00bb29774&#8243; img_size=\u00bbmedium\u00bb alignment=\u00bbcenter\u00bb style=\u00bbvc_box_circle\u00bb css=\u00bb.vc_custom_1726674898690{margin-bottom: -20px !important;margin-left: -5px !important;}\u00bb el_class=\u00bbimagen-perfil\u00bb][vc_column_text]<\/p>\n<p class=\"lead mb-4\"><strong>Daniela\u00a0<\/strong><br \/>\n<em>Coordinador de Contabilidad<\/em><\/p>\n<p>[\/vc_column_text][\/vc_column][vc_column width=\u00bb1\/5&#8243;][vc_single_image image=\u00bb29777&#8243; img_size=\u00bbmedium\u00bb alignment=\u00bbcenter\u00bb style=\u00bbvc_box_circle\u00bb el_class=\u00bbimagen-perfil\u00bb][vc_column_text]<\/p>\n<p class=\"lead mb-4\"><strong>Clementina\u00a0<\/strong><br \/>\n<em>Coordinadora de Atenci\u00f3n al Cliente<\/em><\/p>\n<p>[\/vc_column_text][\/vc_column][vc_column width=\u00bb1\/5&#8243;][vc_single_image image=\u00bb29762&#8243; img_size=\u00bbmedium\u00bb alignment=\u00bbcenter\u00bb style=\u00bbvc_box_circle\u00bb el_class=\u00bbimagen-perfil\u00bb][vc_column_text]<\/p>\n<p class=\"lead mb-4\"><strong>Leandro\u00a0<\/strong><br \/>\n<em>Coordinador Comercial y Ventas B2C<\/em><\/p>\n<p>[\/vc_column_text][\/vc_column][vc_column width=\u00bb1\/5&#8243;][vc_single_image image=\u00bb29768&#8243; img_size=\u00bbmedium\u00bb alignment=\u00bbcenter\u00bb style=\u00bbvc_box_circle\u00bb el_class=\u00bbimagen-perfil\u00bb][vc_column_text]<\/p>\n<p class=\"lead mb-4\"><strong>Emilce\u00a0<\/strong><br \/>\n<em>Coordinadora Comercial y Ventas B2B<\/em><\/p>\n<p>[\/vc_column_text][\/vc_column][\/vc_row][vc_row][vc_column width=\u00bb1\/5&#8243;][vc_single_image image=\u00bb32774&#8243; img_size=\u00bbmedium\u00bb alignment=\u00bbcenter\u00bb style=\u00bbvc_box_circle\u00bb el_class=\u00bbimagen-perfil\u00bb][vc_column_text]<\/p>\n<p class=\"lead mb-4\"><strong>Anah\u00ed<\/strong><br \/>\n<em>Ejecutiva de Ventas<\/em><\/p>\n<p>[\/vc_column_text][\/vc_column][vc_column width=\u00bb1\/5&#8243;][vc_single_image image=\u00bb32771&#8243; img_size=\u00bbmedium\u00bb alignment=\u00bbcenter\u00bb style=\u00bbvc_box_circle\u00bb el_class=\u00bbimagen-perfil\u00bb][vc_column_text]<\/p>\n<p class=\"lead mb-4\"><strong>Agostina<\/strong><br \/>\n<em>Ejecutiva de Ventas<\/em><\/p>\n<p>[\/vc_column_text][\/vc_column][vc_column width=\u00bb1\/5&#8243;][vc_single_image image=\u00bb32777&#8243; img_size=\u00bbmedium\u00bb alignment=\u00bbcenter\u00bb style=\u00bbvc_box_circle\u00bb el_class=\u00bbimagen-perfil\u00bb][vc_column_text]<\/p>\n<p class=\"lead mb-4\"><strong>Carolina<\/strong><br \/>\n<em>Ejecutiva de Ventas<\/em><\/p>\n<p>[\/vc_column_text][\/vc_column][vc_column width=\u00bb1\/5&#8243;][vc_single_image image=\u00bb32946&#8243; img_size=\u00bbmedium\u00bb alignment=\u00bbcenter\u00bb style=\u00bbvc_box_circle_2&#8243; el_class=\u00bbimagen-perfil\u00bb][vc_column_text]<\/p>\n<p class=\"lead mb-4\"><strong>Gabriela<\/strong><br \/>\n<em>Ejecutiva de Ventas<\/em><\/p>\n<p>[\/vc_column_text][\/vc_column][vc_column width=\u00bb1\/5&#8243;][vc_single_image image=\u00bb32943&#8243; img_size=\u00bbmedium\u00bb alignment=\u00bbcenter\u00bb style=\u00bbvc_box_circle\u00bb el_class=\u00bbimagen-perfil\u00bb][vc_column_text]<\/p>\n<p class=\"lead mb-4\"><strong>Catalina<\/strong><br \/>\n<em>Ejecutiva de Ventas<\/em><\/p>\n<p>[\/vc_column_text][\/vc_column][\/vc_row][vc_row][vc_column width=\u00bb1\/5&#8243;][vc_single_image image=\u00bb32817&#8243; img_size=\u00bbmedium\u00bb alignment=\u00bbcenter\u00bb style=\u00bbvc_box_circle\u00bb el_class=\u00bbimagen-perfil\u00bb][vc_column_text]<\/p>\n<p class=\"lead mb-4\"><strong>Mariela<\/strong><br \/>\n<em>Responsable de Contabilidad<\/em><\/p>\n<p>[\/vc_column_text][\/vc_column][vc_column width=\u00bb1\/5&#8243;][vc_single_image image=\u00bb32814&#8243; img_size=\u00bbmedium\u00bb alignment=\u00bbcenter\u00bb style=\u00bbvc_box_circle\u00bb el_class=\u00bbimagen-perfil\u00bb][vc_column_text]<\/p>\n<p class=\"lead mb-4\"><strong>Gabriela<\/strong><br \/>\n<em>Ejecutiva de Contabilidad<\/em><\/p>\n<p>[\/vc_column_text][\/vc_column][vc_column width=\u00bb1\/5&#8243;][vc_single_image image=\u00bb32820&#8243; img_size=\u00bbmedium\u00bb alignment=\u00bbcenter\u00bb style=\u00bbvc_box_circle\u00bb el_class=\u00bbimagen-perfil\u00bb][vc_column_text]<\/p>\n<p class=\"lead mb-4\"><strong>Cinthya<\/strong><br \/>\n<em>Auxiliar de Contabilidad<\/em><\/p>\n<p>[\/vc_column_text][\/vc_column][vc_column width=\u00bb1\/5&#8243;][vc_single_image image=\u00bb32940&#8243; img_size=\u00bbmedium\u00bb alignment=\u00bbcenter\u00bb style=\u00bbvc_box_circle_2&#8243; el_class=\u00bbimagen-perfil\u00bb][vc_column_text]<\/p>\n<p class=\"lead mb-4\"><strong>Laura\u00a0<\/strong><br \/>\n<em>Ejecutivo de Atenci\u00f3n al Cliente<\/em><\/p>\n<p>[\/vc_column_text][\/vc_column][vc_column width=\u00bb1\/5&#8243;][vc_single_image image=\u00bb32786&#8243; img_size=\u00bbmedium\u00bb alignment=\u00bbcenter\u00bb style=\u00bbvc_box_circle\u00bb el_class=\u00bbimagen-perfil\u00bb][vc_column_text]<\/p>\n<p class=\"lead mb-4\"><strong>Leticia<\/strong><br \/>\n<em>Ejecutiva de Producto<\/em><\/p>\n<p>[\/vc_column_text][\/vc_column][\/vc_row][vc_row][vc_column width=\u00bb1\/5&#8243;][vc_single_image image=\u00bb32768&#8243; img_size=\u00bbmedium\u00bb alignment=\u00bbcenter\u00bb style=\u00bbvc_box_circle\u00bb el_class=\u00bbimagen-perfil\u00bb][vc_column_text]<\/p>\n<p class=\"lead mb-4\"><strong>Sof\u00eda<\/strong><br \/>\n<em>Ejecutiva de Producto<\/em><\/p>\n<p>[\/vc_column_text][\/vc_column][vc_column width=\u00bb1\/5&#8243;][vc_single_image image=\u00bb32808&#8243; img_size=\u00bbmedium\u00bb alignment=\u00bbcenter\u00bb style=\u00bbvc_box_circle\u00bb el_class=\u00bbimagen-perfil\u00bb][vc_column_text]<\/p>\n<p class=\"lead mb-4\"><strong>Regina<\/strong><br \/>\n<em>Dise\u00f1adora<\/em><\/p>\n<p>[\/vc_column_text][\/vc_column][vc_column width=\u00bb1\/5&#8243;][vc_single_image image=\u00bb32805&#8243; img_size=\u00bbmedium\u00bb alignment=\u00bbcenter\u00bb style=\u00bbvc_box_circle\u00bb el_class=\u00bbimagen-perfil\u00bb][vc_column_text]<\/p>\n<p class=\"lead mb-4\"><strong>Paola<\/strong><br \/>\n<em>Ejecutiva de Data Entry<\/em><\/p>\n<p>[\/vc_column_text][\/vc_column][vc_column width=\u00bb1\/5&#8243;][\/vc_column][vc_column width=\u00bb1\/5&#8243;][\/vc_column][\/vc_row][vc_row full_width=\u00bbstretch_row_content_no_spaces\u00bb full_height=\u00bbyes\u00bb disable_element=\u00bbyes\u00bb][vc_column][vc_single_image image=\u00bb15392&#8243; img_size=\u00bbfull\u00bb alignment=\u00bbcenter\u00bb][\/vc_column][\/vc_row]<\/p>\n","protected":false},"excerpt":{"rendered":"<p>[vc_row full_width=\u00bbstretch_row\u00bb css=\u00bb.vc_custom_1557326945771{margin-bottom: -35px !important;}\u00bb][vc_column][vc_column_text] Acerca de Trips SouthAmerica [\/vc_column_text][\/vc_column][\/vc_row][vc_row][vc_column][vc_empty_space height=\u00bb15px\u00bb][vc_column_text] Somos un DMC con 20 a\u00f1os de experiencia ofreciendo servicios de alta calidad y eficiente<span class=\"excerpt-hellip\"> [\u2026]<\/span><\/p>\n","protected":false},"author":60,"featured_media":0,"parent":0,"menu_order":0,"comment_status":"closed","ping_status":"closed","template":"","meta":{"_joinchat":[]},"yoast_head":"<!-- This site is optimized with the Yoast SEO plugin v19.9 - https:\/\/yoast.com\/wordpress\/plugins\/seo\/ -->\n<title>Acerca de - Trips SouthAmerica<\/title>\n<meta name=\"robots\" content=\"index, follow, max-snippet:-1, max-image-preview:large, max-video-preview:-1\" \/>\n<link rel=\"canonical\" href=\"https:\/\/trips-southamerica.com\/webold\/es\/acerca-de-trips-southamerica\/\" \/>\n<meta property=\"og:locale\" content=\"es_ES\" \/>\n<meta property=\"og:type\" content=\"article\" \/>\n<meta property=\"og:title\" content=\"Acerca de - Trips SouthAmerica\" \/>\n<meta property=\"og:description\" content=\"[vc_row full_width=\u00bbstretch_row\u00bb css=\u00bb.vc_custom_1557326945771{margin-bottom: -35px !important;}\u00bb][vc_column][vc_column_text] Acerca de Trips SouthAmerica [\/vc_column_text][\/vc_column][\/vc_row][vc_row][vc_column][vc_empty_space height=\u00bb15px\u00bb][vc_column_text] Somos un DMC con 20 a\u00f1os de experiencia ofreciendo servicios de alta calidad y eficiente [\u2026]\" \/>\n<meta property=\"og:url\" content=\"https:\/\/trips-southamerica.com\/webold\/es\/acerca-de-trips-southamerica\/\" \/>\n<meta property=\"og:site_name\" content=\"Trips SouthAmerica\" \/>\n<meta property=\"article:publisher\" content=\"https:\/\/www.facebook.com\/tripsouthamerica\" \/>\n<meta property=\"article:modified_time\" content=\"2025-06-30T20:33:26+00:00\" \/>\n<meta name=\"twitter:card\" content=\"summary_large_image\" \/>\n<meta name=\"twitter:site\" content=\"@tsouthamerica\" \/>\n<meta name=\"twitter:label1\" content=\"Tiempo de lectura\" \/>\n\t<meta name=\"twitter:data1\" content=\"2 minutos\" \/>\n<script type=\"application\/ld+json\" class=\"yoast-schema-graph\">{\"@context\":\"https:\/\/schema.org\",\"@graph\":[{\"@type\":\"WebPage\",\"@id\":\"https:\/\/trips-southamerica.com\/webold\/es\/acerca-de-trips-southamerica\/\",\"url\":\"https:\/\/trips-southamerica.com\/webold\/es\/acerca-de-trips-southamerica\/\",\"name\":\"Acerca de - Trips SouthAmerica\",\"isPartOf\":{\"@id\":\"https:\/\/trips-southamerica.com\/webold\/#website\"},\"datePublished\":\"2019-05-08T13:26:10+00:00\",\"dateModified\":\"2025-06-30T20:33:26+00:00\",\"breadcrumb\":{\"@id\":\"https:\/\/trips-southamerica.com\/webold\/es\/acerca-de-trips-southamerica\/#breadcrumb\"},\"inLanguage\":\"es\",\"potentialAction\":[{\"@type\":\"ReadAction\",\"target\":[\"https:\/\/trips-southamerica.com\/webold\/es\/acerca-de-trips-southamerica\/\"]}]},{\"@type\":\"BreadcrumbList\",\"@id\":\"https:\/\/trips-southamerica.com\/webold\/es\/acerca-de-trips-southamerica\/#breadcrumb\",\"itemListElement\":[{\"@type\":\"ListItem\",\"position\":1,\"name\":\"Home\",\"item\":\"https:\/\/trips-southamerica.com\/webold\/es\/\"},{\"@type\":\"ListItem\",\"position\":2,\"name\":\"Acerca de\"}]},{\"@type\":\"WebSite\",\"@id\":\"https:\/\/trips-southamerica.com\/webold\/#website\",\"url\":\"https:\/\/trips-southamerica.com\/webold\/\",\"name\":\"Trips SouthAmerica\",\"description\":\"South America Travel Operator\",\"publisher\":{\"@id\":\"https:\/\/trips-southamerica.com\/webold\/#organization\"},\"potentialAction\":[{\"@type\":\"SearchAction\",\"target\":{\"@type\":\"EntryPoint\",\"urlTemplate\":\"https:\/\/trips-southamerica.com\/webold\/?s={search_term_string}\"},\"query-input\":\"required name=search_term_string\"}],\"inLanguage\":\"es\"},{\"@type\":\"Organization\",\"@id\":\"https:\/\/trips-southamerica.com\/webold\/#organization\",\"name\":\"Trips SouthAmerica\",\"url\":\"https:\/\/trips-southamerica.com\/webold\/\",\"logo\":{\"@type\":\"ImageObject\",\"inLanguage\":\"es\",\"@id\":\"https:\/\/trips-southamerica.com\/webold\/#\/schema\/logo\/image\/\",\"url\":\"https:\/\/trips-southamerica.com\/webold\/wp-content\/uploads\/logo-header.png\",\"contentUrl\":\"https:\/\/trips-southamerica.com\/webold\/wp-content\/uploads\/logo-header.png\",\"width\":497,\"height\":79,\"caption\":\"Trips SouthAmerica\"},\"image\":{\"@id\":\"https:\/\/trips-southamerica.com\/webold\/#\/schema\/logo\/image\/\"},\"sameAs\":[\"https:\/\/www.linkedin.com\/company\/trips-southamerica\/\",\"http:\/\/trips-southamerica.com\/\",\"https:\/\/www.facebook.com\/tripsouthamerica\",\"https:\/\/twitter.com\/tsouthamerica\"]}]}<\/script>\n<!-- \/ Yoast SEO plugin. -->","yoast_head_json":{"title":"Acerca de - Trips SouthAmerica","robots":{"index":"index","follow":"follow","max-snippet":"max-snippet:-1","max-image-preview":"max-image-preview:large","max-video-preview":"max-video-preview:-1"},"canonical":"https:\/\/trips-southamerica.com\/webold\/es\/acerca-de-trips-southamerica\/","og_locale":"es_ES","og_type":"article","og_title":"Acerca de - Trips SouthAmerica","og_description":"[vc_row full_width=\u00bbstretch_row\u00bb css=\u00bb.vc_custom_1557326945771{margin-bottom: -35px !important;}\u00bb][vc_column][vc_column_text] Acerca de Trips SouthAmerica [\/vc_column_text][\/vc_column][\/vc_row][vc_row][vc_column][vc_empty_space height=\u00bb15px\u00bb][vc_column_text] Somos un DMC con 20 a\u00f1os de experiencia ofreciendo servicios de alta calidad y eficiente [\u2026]","og_url":"https:\/\/trips-southamerica.com\/webold\/es\/acerca-de-trips-southamerica\/","og_site_name":"Trips SouthAmerica","article_publisher":"https:\/\/www.facebook.com\/tripsouthamerica","article_modified_time":"2025-06-30T20:33:26+00:00","twitter_card":"summary_large_image","twitter_site":"@tsouthamerica","twitter_misc":{"Tiempo de lectura":"2 minutos"},"schema":{"@context":"https:\/\/schema.org","@graph":[{"@type":"WebPage","@id":"https:\/\/trips-southamerica.com\/webold\/es\/acerca-de-trips-southamerica\/","url":"https:\/\/trips-southamerica.com\/webold\/es\/acerca-de-trips-southamerica\/","name":"Acerca de - Trips SouthAmerica","isPartOf":{"@id":"https:\/\/trips-southamerica.com\/webold\/#website"},"datePublished":"2019-05-08T13:26:10+00:00","dateModified":"2025-06-30T20:33:26+00:00","breadcrumb":{"@id":"https:\/\/trips-southamerica.com\/webold\/es\/acerca-de-trips-southamerica\/#breadcrumb"},"inLanguage":"es","potentialAction":[{"@type":"ReadAction","target":["https:\/\/trips-southamerica.com\/webold\/es\/acerca-de-trips-southamerica\/"]}]},{"@type":"BreadcrumbList","@id":"https:\/\/trips-southamerica.com\/webold\/es\/acerca-de-trips-southamerica\/#breadcrumb","itemListElement":[{"@type":"ListItem","position":1,"name":"Home","item":"https:\/\/trips-southamerica.com\/webold\/es\/"},{"@type":"ListItem","position":2,"name":"Acerca de"}]},{"@type":"WebSite","@id":"https:\/\/trips-southamerica.com\/webold\/#website","url":"https:\/\/trips-southamerica.com\/webold\/","name":"Trips SouthAmerica","description":"South America Travel Operator","publisher":{"@id":"https:\/\/trips-southamerica.com\/webold\/#organization"},"potentialAction":[{"@type":"SearchAction","target":{"@type":"EntryPoint","urlTemplate":"https:\/\/trips-southamerica.com\/webold\/?s={search_term_string}"},"query-input":"required name=search_term_string"}],"inLanguage":"es"},{"@type":"Organization","@id":"https:\/\/trips-southamerica.com\/webold\/#organization","name":"Trips SouthAmerica","url":"https:\/\/trips-southamerica.com\/webold\/","logo":{"@type":"ImageObject","inLanguage":"es","@id":"https:\/\/trips-southamerica.com\/webold\/#\/schema\/logo\/image\/","url":"https:\/\/trips-southamerica.com\/webold\/wp-content\/uploads\/logo-header.png","contentUrl":"https:\/\/trips-southamerica.com\/webold\/wp-content\/uploads\/logo-header.png","width":497,"height":79,"caption":"Trips SouthAmerica"},"image":{"@id":"https:\/\/trips-southamerica.com\/webold\/#\/schema\/logo\/image\/"},"sameAs":["https:\/\/www.linkedin.com\/company\/trips-southamerica\/","http:\/\/trips-southamerica.com\/","https:\/\/www.facebook.com\/tripsouthamerica","https:\/\/twitter.com\/tsouthamerica"]}]}},"_links":{"self":[{"href":"https:\/\/trips-southamerica.com\/webold\/es\/wp-json\/wp\/v2\/pages\/10089"}],"collection":[{"href":"https:\/\/trips-southamerica.com\/webold\/es\/wp-json\/wp\/v2\/pages"}],"about":[{"href":"https:\/\/trips-southamerica.com\/webold\/es\/wp-json\/wp\/v2\/types\/page"}],"author":[{"embeddable":true,"href":"https:\/\/trips-southamerica.com\/webold\/es\/wp-json\/wp\/v2\/users\/60"}],"replies":[{"embeddable":true,"href":"https:\/\/trips-southamerica.com\/webold\/es\/wp-json\/wp\/v2\/comments?post=10089"}],"version-history":[{"count":22,"href":"https:\/\/trips-southamerica.com\/webold\/es\/wp-json\/wp\/v2\/pages\/10089\/revisions"}],"predecessor-version":[{"id":34214,"href":"https:\/\/trips-southamerica.com\/webold\/es\/wp-json\/wp\/v2\/pages\/10089\/revisions\/34214"}],"wp:attachment":[{"href":"https:\/\/trips-southamerica.com\/webold\/es\/wp-json\/wp\/v2\/media?parent=10089"}],"curies":[{"name":"wp","href":"https:\/\/api.w.org\/{rel}","templated":true}]}}