{"id":32493,"date":"2024-08-21T13:31:22","date_gmt":"2024-08-21T16:31:22","guid":{"rendered":"https:\/\/trips-southamerica.com\/webold\/?page_id=32493"},"modified":"2025-11-06T19:09:26","modified_gmt":"2025-11-06T22:09:26","slug":"seleccion-del-editor","status":"publish","type":"page","link":"https:\/\/trips-southamerica.com\/webold\/es\/seleccion-del-editor\/","title":{"rendered":"Selecci\u00f3n del Editor"},"content":{"rendered":"<p>[vc_row full_width=\u00bbstretch_row\u00bb content_placement=\u00bbtop\u00bb css=\u00bb.vc_custom_1692056174747{padding-top: 30px !important;padding-bottom: 60px !important;background-image: url(https:\/\/trips-southamerica.com\/webold\/wp-content\/uploads\/header-calafate-below-zero-2-e1692056118331.jpg?id=31097) !important;background-position: center !important;background-repeat: no-repeat !important;background-size: cover !important;}\u00bb][vc_column][vc_empty_space][vc_custom_heading text=\u00bbSelecci\u00f3n del Editor\u00bb font_container=\u00bbtag:h1|font_size:65|text_align:left|color:%233c314f|line_height:1&#8243; use_theme_fonts=\u00bbyes\u00bb css_animation=\u00bbnone\u00bb css=\u00bb.vc_custom_1724255079390{margin-top: -15px !important;padding-bottom: -15px !important;}\u00bb][vc_custom_heading text=\u00bbDescubre destinos aut\u00e9nticos<br \/>\nen Am\u00e9rica del Sur.\u00bb font_container=\u00bbtag:h2|font_size:38|text_align:left|color:%233c314f\u00bb use_theme_fonts=\u00bbyes\u00bb css=\u00bb.vc_custom_1724255215188{margin-top: -15px !important;margin-bottom: 25px !important;}\u00bb el_class=\u00bbdestino-titulo\u00bb][vc_empty_space][\/vc_column][\/vc_row][vc_row gap=\u00bb10&#8243; css=\u00bb.vc_custom_1724257061982{margin-top: -60px !important;margin-bottom: 15px !important;}\u00bb][vc_column][vc_row_inner content_placement=\u00bbmiddle\u00bb gap=\u00bb15&#8243; css=\u00bb.vc_custom_1724262467663{margin-top: -60px !important;border-top-width: -300px !important;border-bottom-width: -300px !important;padding-top: -50px !important;padding-bottom: -50px !important;padding-left: 50px !important;background-color: #fcfbff !important;border-top-color: #d1d1d1 !important;border-top-style: double !important;border-bottom-color: #d1d1d1 !important;border-bottom-style: double !important;border-radius: 35px !important;}\u00bb][vc_column_inner width=\u00bb2\/3&#8243; css=\u00bb.vc_custom_1724257594582{padding-left: 20px !important;}\u00bb][vc_column_text]<\/p>\n<h2><span style=\"color: #3c314f;\">Bienvenido a tu puerta de entrada a<br \/>\nlo mejor de Latinoam\u00e9rica.<\/span><\/h2>\n<h4><strong>Cada paquete de viaje ha sido cuidadosamente seleccionado por expertos<\/strong> locales que conocen cada rinc\u00f3n del continente.<\/h4>\n<h4>Explora nuestra selecci\u00f3n y comienza a planificar una experiencia \u00fanica que te conectar\u00e1 con la belleza y diversidad aut\u00e9ntica de esta regi\u00f3n.<\/h4>\n<p>[\/vc_column_text][\/vc_column_inner][vc_column_inner width=\u00bb1\/3&#8243;][vc_single_image image=\u00bb32498&#8243; img_size=\u00bb350&#215;350&#8243; alignment=\u00bbcenter\u00bb style=\u00bbvc_box_circle\u00bb css=\u00bb.vc_custom_1724262545431{margin-top: -95px !important;margin-right: -150px !important;margin-bottom: -95px !important;}\u00bb][\/vc_column_inner][\/vc_row_inner][\/vc_column][\/vc_row][vc_row gap=\u00bb10&#8243; css=\u00bb.vc_custom_1762466958952{margin-bottom: 15px !important;}\u00bb el_id=\u00bbideas-de-viaje\u00bb][vc_column][vc_empty_space][vc_custom_heading text=\u00bbNuevas ideas de viaje<br \/>\nDe la inspiraci\u00f3n a la realidad\u00bb font_container=\u00bbtag:h2|font_size:38|text_align:center|color:%233c314f\u00bb use_theme_fonts=\u00bbyes\u00bb css=\u00bb.vc_custom_1762458944608{margin-top: -15px !important;margin-bottom: 25px !important;}\u00bb el_class=\u00bbdestino-titulo\u00bb][vc_column_text]<\/p>\n<p style=\"text-align: center;\"><strong>Itinerarios y conceptos de viaje cuidadosamente seleccionados<\/strong> para ayudarle a planificar el viaje de sus sue\u00f1os.<br \/>\nNuestros expertos han dise\u00f1ado estas<strong> ideas de viaje para ofrecerle un punto de partida para su aventura sudamericana.<\/strong><\/p>\n<p style=\"text-align: center;\">Explore diferentes temas y destinos, y luego personal\u00edcelos para que se adapten a su estilo de viaje.<\/p>\n<p>[\/vc_column_text][vc_basic_grid post_type=\u00bbpackage\u00bb max_items=\u00bb50&#8243; style=\u00bbload-more\u00bb items_per_page=\u00bb9&#8243; item=\u00bb21169&#8243; initial_loading_animation=\u00bbnone\u00bb btn_color=\u00bbprimary\u00bb btn_size=\u00bblg\u00bb btn_align=\u00bbcenter\u00bb btn_i_icon_fontawesome=\u00bbfas fa-caret-down\u00bb btn_add_icon=\u00bbtrue\u00bb grid_id=\u00bbvc_gid:1762466932408-e373d054-104d-1&#8243; taxonomies=\u00bb510&#8243; css=\u00bb.vc_custom_1762451231637{margin-top: -15px !important;}\u00bb][\/vc_column][\/vc_row][vc_row gap=\u00bb10&#8243; css=\u00bb.vc_custom_1647003562583{margin-bottom: 15px !important;}\u00bb][vc_column][vc_empty_space][vc_custom_heading text=\u00bbSelecci\u00f3n del Editor\u00bb font_container=\u00bbtag:h2|font_size:38|text_align:center|color:%233c314f\u00bb use_theme_fonts=\u00bbyes\u00bb css=\u00bb.vc_custom_1762459026792{margin-top: -15px !important;margin-bottom: 25px !important;}\u00bb el_class=\u00bbdestino-titulo\u00bb][vc_column_text]<\/p>\n<p style=\"text-align: center;\">Descubra destinos aut\u00e9nticos con paquetes de <strong>viaje cuidadosamente seleccionados por los expertos y creados por locales<\/strong>.<br \/>\nExplore nuestra selecci\u00f3n y comience a planificar una experiencia \u00fanica que le conectar\u00e1 con la aut\u00e9ntica belleza de esta regi\u00f3n.<\/p>\n<p>[\/vc_column_text][vc_basic_grid post_type=\u00bbpackage\u00bb max_items=\u00bb50&#8243; style=\u00bbload-more\u00bb items_per_page=\u00bb9&#8243; item=\u00bb21169&#8243; initial_loading_animation=\u00bbnone\u00bb btn_color=\u00bbprimary\u00bb btn_size=\u00bblg\u00bb btn_align=\u00bbcenter\u00bb btn_i_icon_fontawesome=\u00bbfas fa-caret-down\u00bb btn_add_icon=\u00bbtrue\u00bb grid_id=\u00bbvc_gid:1762466932409-2ad06afc-6538-4&#8243; taxonomies=\u00bb506&#8243; css=\u00bb.vc_custom_1724258313210{margin-top: -15px !important;}\u00bb][\/vc_column][\/vc_row][vc_row content_placement=\u00bbtop\u00bb disable_element=\u00bbyes\u00bb][vc_column width=\u00bb1\/2&#8243;][vc_column_text]Asado, F\u00fatbol, Tango, Mate, Malbec, Dulce de leche, Chorip\u00e1n, El Obelisco. Somos todo eso, pero somos mucho m\u00e1s que eso.<\/p>\n<p>El caf\u00e9 de la esquina, un innegociable: el tiempo para compartir con los amigos, los domingos en familia, la avenida que nunca duerme, las noches de rock.<br \/>\nLlanuras pampeanas interminables, gauchos, fiestas en los pueblos, folklore.<\/p>\n<p>La Patagonia, remota y misteriosa, y el Norte, soleado y colorido. La selva, el desierto, la cumbre m\u00e1s alta de Am\u00e9rica y el Fin del Mundo; diferentes rasgos de personalidad y car\u00e1cter se han asentado en estos paisajes y climas.<\/p>\n<p>C\u00e1lido, divertido, extrovertido, amable, apasionado. Estas son algunas de las palabras que se utilizan para describir nuestra forma de ser.[\/vc_column_text][\/vc_column][vc_column width=\u00bb1\/2&#8243;][vc_gallery type=\u00bbimage_grid\u00bb images=\u00bb13546,5388,15837,12217,6122,23278,15886,23258,23254,15894,12290,12324,15906,12558,23005&#8243; css=\u00bb.vc_custom_1648220226576{margin-bottom: 5px !important;}\u00bb][\/vc_column][\/vc_row][vc_row][vc_column][vc_empty_space height=\u00bb25px\u00bb][\/vc_column][\/vc_row][vc_row disable_element=\u00bbyes\u00bb][vc_column][vc_custom_heading text=\u00bbIdeas de tours para visitar la Argentina por Duraci\u00f3n\u00bb font_container=\u00bbtag:h2|font_size:36|text_align:left\u00bb use_theme_fonts=\u00bbyes\u00bb el_class=\u00bbtour-by\u00bb][vc_column_text]\u00a1No importa si planeas visitar Argentina por 2 d\u00edas o por m\u00e1s de 15! Es un pa\u00eds tan rico en experiencias que se adapta a ti a la perfecci\u00f3n. Ya sea una visita r\u00e1pida a Buenos Aires o las Cataratas del Iguaz\u00fa, o un recorrido por la fant\u00e1stica Ruta 40.<\/p>\n<p>\ud83d\udd3b Filtra nuestros itinerarios seg\u00fan la duraci\u00f3n del viaje[\/vc_column_text][vc_basic_grid post_type=\u00bbpackage\u00bb max_items=\u00bb-1&#8243; style=\u00bbload-more\u00bb items_per_page=\u00bb3&#8243; show_filter=\u00bbyes\u00bb orderby=\u00bbrand\u00bb filter_style=\u00bbfilled\u00bb filter_align=\u00bbleft\u00bb filter_color=\u00bbgreen\u00bb item=\u00bb21169&#8243; btn_color=\u00bbprimary\u00bb btn_align=\u00bbleft\u00bb btn_i_icon_fontawesome=\u00bbfas fa-caret-down\u00bb btn_add_icon=\u00bbtrue\u00bb grid_id=\u00bbvc_gid:1762466932419-6ef8c29a-39e3-9&#8243; taxonomies=\u00bb444&#8243; filter_source=\u00bbproduct-duration\u00bb css=\u00bb.vc_custom_1648477193000{margin-top: -15px !important;}\u00bb][\/vc_column][\/vc_row][vc_row disable_element=\u00bbyes\u00bb][vc_column][vc_empty_space height=\u00bb25px\u00bb][\/vc_column][\/vc_row][vc_row gap=\u00bb10&#8243;][vc_column][vc_custom_heading text=\u00bbContacta con nuestros expertos en este destino.\u00bb font_container=\u00bbtag:h2|font_size:36|text_align:left|line_height:1&#8243; use_theme_fonts=\u00bbyes\u00bb css=\u00bb.vc_custom_1648219752933{margin-bottom: 25px !important;}\u00bb][vc_separator color=\u00bbblue\u00bb border_width=\u00bb3&#8243;][vc_column_text]Env\u00edanos tus dudas o consultas, a la brevedad un agente de viajes experto en la Argentina se contactar\u00e1 contigo.[\/vc_column_text]<div role=\"form\" class=\"wpcf7\" id=\"wpcf7-f20826-o1\" lang=\"es-AR\" dir=\"ltr\">\n<div class=\"screen-reader-response\"><p role=\"status\" aria-live=\"polite\" aria-atomic=\"true\"><\/p> <ul><\/ul><\/div>\n<form action=\"\/webold\/es\/wp-json\/wp\/v2\/pages\/32493#wpcf7-f20826-o1\" method=\"post\" class=\"wpcf7-form init\" novalidate=\"novalidate\" data-status=\"init\">\n<div style=\"display: none;\">\n<input type=\"hidden\" name=\"_wpcf7\" value=\"20826\" \/>\n<input type=\"hidden\" name=\"_wpcf7_version\" value=\"5.6.4\" \/>\n<input type=\"hidden\" name=\"_wpcf7_locale\" value=\"es_AR\" \/>\n<input type=\"hidden\" name=\"_wpcf7_unit_tag\" value=\"wpcf7-f20826-o1\" \/>\n<input type=\"hidden\" name=\"_wpcf7_container_post\" value=\"0\" \/>\n<input type=\"hidden\" name=\"_wpcf7_posted_data_hash\" value=\"\" \/>\n<input type=\"hidden\" name=\"_wpcf7_recaptcha_response\" value=\"\" \/>\n<\/div>\n<p><label> Your Name (*)<br \/>\n    <span class=\"wpcf7-form-control-wrap\" data-name=\"your-name\"><input type=\"text\" name=\"your-name\" value=\"\" size=\"40\" class=\"wpcf7-form-control wpcf7-text wpcf7-validates-as-required\" aria-required=\"true\" aria-invalid=\"false\" \/><\/span> <\/label><\/p>\n<p><label> Your Email (*)<br \/>\n    <span class=\"wpcf7-form-control-wrap\" data-name=\"your-email\"><input type=\"email\" name=\"your-email\" value=\"\" size=\"40\" class=\"wpcf7-form-control wpcf7-text wpcf7-email wpcf7-validates-as-required wpcf7-validates-as-email\" aria-required=\"true\" aria-invalid=\"false\" \/><\/span> <\/label><\/p>\n<p><label> Your Message<br \/>\n    <span class=\"wpcf7-form-control-wrap\" data-name=\"your-message\"><textarea name=\"your-message\" cols=\"40\" rows=\"2\" class=\"wpcf7-form-control wpcf7-textarea wpcf7-validates-as-required\" aria-required=\"true\" aria-invalid=\"false\"><\/textarea><\/span> <\/label><\/p>\n<p><input type=\"submit\" value=\"Send\" class=\"wpcf7-form-control has-spinner wpcf7-submit\" \/><\/p>\n<div class=\"wpcf7-response-output\" aria-hidden=\"true\"><\/div><\/form><\/div>[\/vc_column][\/vc_row][vc_row][vc_column][vc_separator el_width=\u00bb80&#8243;][\/vc_column][\/vc_row]<\/p>\n","protected":false},"excerpt":{"rendered":"<p>[vc_row full_width=\u00bbstretch_row\u00bb content_placement=\u00bbtop\u00bb css=\u00bb.vc_custom_1692056174747{padding-top: 30px !important;padding-bottom: 60px !important;background-image: url(https:\/\/trips-southamerica.com\/webold\/wp-content\/uploads\/header-calafate-below-zero-2-e1692056118331.jpg?id=31097) !important;background-position: center !important;background-repeat: no-repeat !important;background-size: cover !important;}\u00bb][vc_column][vc_empty_space][vc_custom_heading text=\u00bbSelecci\u00f3n del Editor\u00bb font_container=\u00bbtag:h1|font_size:65|text_align:left|color:%233c314f|line_height:1&#8243; use_theme_fonts=\u00bbyes\u00bb css_animation=\u00bbnone\u00bb css=\u00bb.vc_custom_1724255079390{margin-top: -15px !important;padding-bottom: -15px<span class=\"excerpt-hellip\"> [\u2026]<\/span><\/p>\n","protected":false},"author":60,"featured_media":0,"parent":0,"menu_order":0,"comment_status":"closed","ping_status":"closed","template":"","meta":{"_joinchat":[]},"yoast_head":"<!-- This site is optimized with the Yoast SEO plugin v19.9 - https:\/\/yoast.com\/wordpress\/plugins\/seo\/ -->\n<title>Selecci\u00f3n del Editor - Trips SouthAmerica<\/title>\n<meta name=\"robots\" content=\"index, follow, max-snippet:-1, max-image-preview:large, max-video-preview:-1\" \/>\n<link rel=\"canonical\" href=\"https:\/\/trips-southamerica.com\/webold\/es\/seleccion-del-editor\/\" \/>\n<meta property=\"og:locale\" content=\"es_ES\" \/>\n<meta property=\"og:type\" content=\"article\" \/>\n<meta property=\"og:title\" content=\"Selecci\u00f3n del Editor - Trips SouthAmerica\" \/>\n<meta property=\"og:description\" content=\"[vc_row full_width=\u00bbstretch_row\u00bb content_placement=\u00bbtop\u00bb css=\u00bb.vc_custom_1692056174747{padding-top: 30px !important;padding-bottom: 60px !important;background-image: url(https:\/\/trips-southamerica.com\/webold\/wp-content\/uploads\/header-calafate-below-zero-2-e1692056118331.jpg?id=31097) !important;background-position: center !important;background-repeat: no-repeat !important;background-size: cover !important;}\u00bb][vc_column][vc_empty_space][vc_custom_heading text=\u00bbSelecci\u00f3n del Editor\u00bb font_container=\u00bbtag:h1|font_size:65|text_align:left|color:%233c314f|line_height:1&#8243; use_theme_fonts=\u00bbyes\u00bb css_animation=\u00bbnone\u00bb css=\u00bb.vc_custom_1724255079390{margin-top: -15px !important;padding-bottom: -15px [\u2026]\" \/>\n<meta property=\"og:url\" content=\"https:\/\/trips-southamerica.com\/webold\/es\/seleccion-del-editor\/\" \/>\n<meta property=\"og:site_name\" content=\"Trips SouthAmerica\" \/>\n<meta property=\"article:publisher\" content=\"https:\/\/www.facebook.com\/tripsouthamerica\" \/>\n<meta property=\"article:modified_time\" content=\"2025-11-06T22:09:26+00:00\" \/>\n<meta name=\"twitter:card\" content=\"summary_large_image\" \/>\n<meta name=\"twitter:site\" content=\"@tsouthamerica\" \/>\n<meta name=\"twitter:label1\" content=\"Tiempo de lectura\" \/>\n\t<meta name=\"twitter:data1\" content=\"3 minutos\" \/>\n<script type=\"application\/ld+json\" class=\"yoast-schema-graph\">{\"@context\":\"https:\/\/schema.org\",\"@graph\":[{\"@type\":\"WebPage\",\"@id\":\"https:\/\/trips-southamerica.com\/webold\/es\/seleccion-del-editor\/\",\"url\":\"https:\/\/trips-southamerica.com\/webold\/es\/seleccion-del-editor\/\",\"name\":\"Selecci\u00f3n del Editor - Trips SouthAmerica\",\"isPartOf\":{\"@id\":\"https:\/\/trips-southamerica.com\/webold\/#website\"},\"datePublished\":\"2024-08-21T16:31:22+00:00\",\"dateModified\":\"2025-11-06T22:09:26+00:00\",\"breadcrumb\":{\"@id\":\"https:\/\/trips-southamerica.com\/webold\/es\/seleccion-del-editor\/#breadcrumb\"},\"inLanguage\":\"es\",\"potentialAction\":[{\"@type\":\"ReadAction\",\"target\":[\"https:\/\/trips-southamerica.com\/webold\/es\/seleccion-del-editor\/\"]}]},{\"@type\":\"BreadcrumbList\",\"@id\":\"https:\/\/trips-southamerica.com\/webold\/es\/seleccion-del-editor\/#breadcrumb\",\"itemListElement\":[{\"@type\":\"ListItem\",\"position\":1,\"name\":\"Home\",\"item\":\"https:\/\/trips-southamerica.com\/webold\/es\/\"},{\"@type\":\"ListItem\",\"position\":2,\"name\":\"Selecci\u00f3n del Editor\"}]},{\"@type\":\"WebSite\",\"@id\":\"https:\/\/trips-southamerica.com\/webold\/#website\",\"url\":\"https:\/\/trips-southamerica.com\/webold\/\",\"name\":\"Trips SouthAmerica\",\"description\":\"South America Travel Operator\",\"publisher\":{\"@id\":\"https:\/\/trips-southamerica.com\/webold\/#organization\"},\"potentialAction\":[{\"@type\":\"SearchAction\",\"target\":{\"@type\":\"EntryPoint\",\"urlTemplate\":\"https:\/\/trips-southamerica.com\/webold\/?s={search_term_string}\"},\"query-input\":\"required name=search_term_string\"}],\"inLanguage\":\"es\"},{\"@type\":\"Organization\",\"@id\":\"https:\/\/trips-southamerica.com\/webold\/#organization\",\"name\":\"Trips SouthAmerica\",\"url\":\"https:\/\/trips-southamerica.com\/webold\/\",\"logo\":{\"@type\":\"ImageObject\",\"inLanguage\":\"es\",\"@id\":\"https:\/\/trips-southamerica.com\/webold\/#\/schema\/logo\/image\/\",\"url\":\"https:\/\/trips-southamerica.com\/webold\/wp-content\/uploads\/logo-header.png\",\"contentUrl\":\"https:\/\/trips-southamerica.com\/webold\/wp-content\/uploads\/logo-header.png\",\"width\":497,\"height\":79,\"caption\":\"Trips SouthAmerica\"},\"image\":{\"@id\":\"https:\/\/trips-southamerica.com\/webold\/#\/schema\/logo\/image\/\"},\"sameAs\":[\"https:\/\/www.linkedin.com\/company\/trips-southamerica\/\",\"http:\/\/trips-southamerica.com\/\",\"https:\/\/www.facebook.com\/tripsouthamerica\",\"https:\/\/twitter.com\/tsouthamerica\"]}]}<\/script>\n<!-- \/ Yoast SEO plugin. -->","yoast_head_json":{"title":"Selecci\u00f3n del Editor - Trips SouthAmerica","robots":{"index":"index","follow":"follow","max-snippet":"max-snippet:-1","max-image-preview":"max-image-preview:large","max-video-preview":"max-video-preview:-1"},"canonical":"https:\/\/trips-southamerica.com\/webold\/es\/seleccion-del-editor\/","og_locale":"es_ES","og_type":"article","og_title":"Selecci\u00f3n del Editor - Trips SouthAmerica","og_description":"[vc_row full_width=\u00bbstretch_row\u00bb content_placement=\u00bbtop\u00bb css=\u00bb.vc_custom_1692056174747{padding-top: 30px !important;padding-bottom: 60px !important;background-image: url(https:\/\/trips-southamerica.com\/webold\/wp-content\/uploads\/header-calafate-below-zero-2-e1692056118331.jpg?id=31097) !important;background-position: center !important;background-repeat: no-repeat !important;background-size: cover !important;}\u00bb][vc_column][vc_empty_space][vc_custom_heading text=\u00bbSelecci\u00f3n del Editor\u00bb font_container=\u00bbtag:h1|font_size:65|text_align:left|color:%233c314f|line_height:1&#8243; use_theme_fonts=\u00bbyes\u00bb css_animation=\u00bbnone\u00bb css=\u00bb.vc_custom_1724255079390{margin-top: -15px !important;padding-bottom: -15px [\u2026]","og_url":"https:\/\/trips-southamerica.com\/webold\/es\/seleccion-del-editor\/","og_site_name":"Trips SouthAmerica","article_publisher":"https:\/\/www.facebook.com\/tripsouthamerica","article_modified_time":"2025-11-06T22:09:26+00:00","twitter_card":"summary_large_image","twitter_site":"@tsouthamerica","twitter_misc":{"Tiempo de lectura":"3 minutos"},"schema":{"@context":"https:\/\/schema.org","@graph":[{"@type":"WebPage","@id":"https:\/\/trips-southamerica.com\/webold\/es\/seleccion-del-editor\/","url":"https:\/\/trips-southamerica.com\/webold\/es\/seleccion-del-editor\/","name":"Selecci\u00f3n del Editor - Trips SouthAmerica","isPartOf":{"@id":"https:\/\/trips-southamerica.com\/webold\/#website"},"datePublished":"2024-08-21T16:31:22+00:00","dateModified":"2025-11-06T22:09:26+00:00","breadcrumb":{"@id":"https:\/\/trips-southamerica.com\/webold\/es\/seleccion-del-editor\/#breadcrumb"},"inLanguage":"es","potentialAction":[{"@type":"ReadAction","target":["https:\/\/trips-southamerica.com\/webold\/es\/seleccion-del-editor\/"]}]},{"@type":"BreadcrumbList","@id":"https:\/\/trips-southamerica.com\/webold\/es\/seleccion-del-editor\/#breadcrumb","itemListElement":[{"@type":"ListItem","position":1,"name":"Home","item":"https:\/\/trips-southamerica.com\/webold\/es\/"},{"@type":"ListItem","position":2,"name":"Selecci\u00f3n del Editor"}]},{"@type":"WebSite","@id":"https:\/\/trips-southamerica.com\/webold\/#website","url":"https:\/\/trips-southamerica.com\/webold\/","name":"Trips SouthAmerica","description":"South America Travel Operator","publisher":{"@id":"https:\/\/trips-southamerica.com\/webold\/#organization"},"potentialAction":[{"@type":"SearchAction","target":{"@type":"EntryPoint","urlTemplate":"https:\/\/trips-southamerica.com\/webold\/?s={search_term_string}"},"query-input":"required name=search_term_string"}],"inLanguage":"es"},{"@type":"Organization","@id":"https:\/\/trips-southamerica.com\/webold\/#organization","name":"Trips SouthAmerica","url":"https:\/\/trips-southamerica.com\/webold\/","logo":{"@type":"ImageObject","inLanguage":"es","@id":"https:\/\/trips-southamerica.com\/webold\/#\/schema\/logo\/image\/","url":"https:\/\/trips-southamerica.com\/webold\/wp-content\/uploads\/logo-header.png","contentUrl":"https:\/\/trips-southamerica.com\/webold\/wp-content\/uploads\/logo-header.png","width":497,"height":79,"caption":"Trips SouthAmerica"},"image":{"@id":"https:\/\/trips-southamerica.com\/webold\/#\/schema\/logo\/image\/"},"sameAs":["https:\/\/www.linkedin.com\/company\/trips-southamerica\/","http:\/\/trips-southamerica.com\/","https:\/\/www.facebook.com\/tripsouthamerica","https:\/\/twitter.com\/tsouthamerica"]}]}},"_links":{"self":[{"href":"https:\/\/trips-southamerica.com\/webold\/es\/wp-json\/wp\/v2\/pages\/32493"}],"collection":[{"href":"https:\/\/trips-southamerica.com\/webold\/es\/wp-json\/wp\/v2\/pages"}],"about":[{"href":"https:\/\/trips-southamerica.com\/webold\/es\/wp-json\/wp\/v2\/types\/page"}],"author":[{"embeddable":true,"href":"https:\/\/trips-southamerica.com\/webold\/es\/wp-json\/wp\/v2\/users\/60"}],"replies":[{"embeddable":true,"href":"https:\/\/trips-southamerica.com\/webold\/es\/wp-json\/wp\/v2\/comments?post=32493"}],"version-history":[{"count":65,"href":"https:\/\/trips-southamerica.com\/webold\/es\/wp-json\/wp\/v2\/pages\/32493\/revisions"}],"predecessor-version":[{"id":34839,"href":"https:\/\/trips-southamerica.com\/webold\/es\/wp-json\/wp\/v2\/pages\/32493\/revisions\/34839"}],"wp:attachment":[{"href":"https:\/\/trips-southamerica.com\/webold\/es\/wp-json\/wp\/v2\/media?parent=32493"}],"curies":[{"name":"wp","href":"https:\/\/api.w.org\/{rel}","templated":true}]}}