{"id":4758,"date":"2021-11-11T18:46:30","date_gmt":"2021-11-11T21:46:30","guid":{"rendered":"http:\/\/trips-southamerica.com\/?page_id=4758"},"modified":"2023-11-22T16:08:26","modified_gmt":"2023-11-22T19:08:26","slug":"terminos-y-condiciones","status":"publish","type":"page","link":"https:\/\/trips-southamerica.com\/webold\/es\/acerca-de-trips-southamerica\/terminos-y-condiciones\/","title":{"rendered":"Terminos y Condiciones"},"content":{"rendered":"<p>[vc_row full_width=\u00bbstretch_row\u00bb content_placement=\u00bbtop\u00bb css=\u00bb.vc_custom_1580411752464{padding-top: 30px !important;padding-bottom: 60px !important;background-image: url(https:\/\/trips-southamerica.com\/wp-content\/uploads\/header-pataognia-v3.jpg?id=20888) !important;background-position: center !important;background-repeat: no-repeat !important;background-size: cover !important;}\u00bb][vc_column][vc_row_inner][vc_column_inner css=\u00bb.vc_custom_1580329211112{padding-right: 30px !important;padding-left: 30px !important;}\u00bb][vc_custom_heading text=\u00bbTrips SouthAmerica\u00bb font_container=\u00bbtag:h3|text_align:center|color:%23ffffff\u00bb use_theme_fonts=\u00bbyes\u00bb css_animation=\u00bbfadeIn\u00bb css=\u00bb.vc_custom_1581017272656{margin-top: -15px !important;}\u00bb][vc_custom_heading text=\u00bbT\u00e9rminos y Condiciones\u00bb font_container=\u00bbtag:h1|font_size:70|text_align:center|color:%23ffffff\u00bb use_theme_fonts=\u00bbyes\u00bb css_animation=\u00bbfadeIn\u00bb css=\u00bb.vc_custom_1581017288420{margin-top: -15px !important;}\u00bb][\/vc_column_inner][\/vc_row_inner][\/vc_column][\/vc_row][vc_row][vc_column][vc_column_text]<\/p>\n<h1 style=\"text-align: center;\">T\u00e9rminos y Condiciones<\/h1>\n<p>[\/vc_column_text][vc_column_text]<\/p>\n<h4 style=\"text-align: center;\"><em>Esta es una visi\u00f3n general de nuestros T\u00e9rminos y Condiciones. Ten en cuenta que pueden variar para ciertos itinerarios personalizados; si tienes alguna duda, ponte en contacto con tu consultor de Trips SouthAmerica.<\/em><\/h4>\n<h4 style=\"text-align: center;\"><em>Para consultar las Condiciones Generales para operadores y agencias, acceda a la <span style=\"text-decoration: underline;\"><a href=\"https:\/\/trips-southamerica.com\/webold\/es\/material-para-agentes\/inicio\/#terminos-condiciones\" target=\"_blank\" rel=\"noopener\">Zona de Agentes.<\/a><\/span><\/em><\/h4>\n<p>[\/vc_column_text][vc_empty_space height=\u00bb10&#8243;][vc_column_text]1. <strong>ITINERARIO<\/strong><\/p>\n<p style=\"padding-left: 40px;\">Aunque nuestros itinerarios est\u00e1n planeados con gran cuidado por nuestros expertos en destinos, por razones operativas, una vez que el viajero ha llegado al destino, puede ser necesario cambiar la secuencia de las actividades. Estos cambios son excepcionales y, si llegaran a ocurrir, ser\u00e1n con el \u00fanico objetivo de ofrecer la mejor experiencia a los viajeros.<\/p>\n<p>2. <strong>PRECIOS<\/strong><\/p>\n<p style=\"padding-left: 40px;\">Todos los precios est\u00e1n en d\u00f3lares estadounidenses y est\u00e1n sujetos a cambios sin previo aviso. Los precios se basan por persona, en habitaci\u00f3n doble, a menos que se especifique lo contrario en cada cotizaci\u00f3n, paquete, producto, gu\u00eda de tarifas, folleto, etc.<\/p>\n<p>3. <strong>DETALLES DE LA RESERVA<\/strong><\/p>\n<p style=\"padding-left: 40px;\">Toda reserva debe incluir al menos la siguiente informaci\u00f3n sobre el pasajero(s) o grupo:<\/p>\n<p style=\"padding-left: 80px;\">\u2022 Copia de pasaporte.<br \/>\n\u2022 Informaci\u00f3n de vuelos (internacionales y dom\u00e9sticos) si no fueron emitidos con TSA.<br \/>\n\u2022 Restricciones diet\u00e9ticas, si hubiere.<br \/>\n\u2022 Cualquier otra condici\u00f3n importante de la que nuestros expertos en viajes deban estar informados.<br \/>\n\u2022 Cualquier otra condici\u00f3n importante de la que nuestros expertos en viajes deban estar informados.<\/p>\n<p style=\"padding-left: 40px;\">Tambi\u00e9n es recomendable proporcionarnos un n\u00famero de tel\u00e9fono y\/o direcci\u00f3n de correo electr\u00f3nico para contactar al pasajero mientras viaja, en caso de que haya alg\u00fan cambio de \u00faltimo momento en el itinerario.<\/p>\n<p>4. <strong>FORMAS DE PAGO<\/strong><\/p>\n<p style=\"padding-left: 40px;\">Aceptamos todas las tarjetas de cr\u00e9dito (MasterCard, Visa, American Express) y transferencias bancarias.<br \/>\nSe requiere el pago completo en nombre de Trips SouthAmerica, lo que constituye la aceptaci\u00f3n de los t\u00e9rminos y condiciones.<\/p>\n<p style=\"padding-left: 40px;\"><strong>Nuestros plazos habituales para nuestros productos terrestres son:<\/strong><\/p>\n<p style=\"padding-left: 80px;\">\u2022 Dep\u00f3sito no reembolsable del 30% en el momento de la confirmaci\u00f3n.<br \/>\n\u2022 El saldo final se debe pagar 60 d\u00edas antes de la llegada.<br \/>\n\u2022 Pueden aplicarse plazos m\u00e1s ajustados o diferentes en tours a medida espec\u00edficos. Estas condiciones ser\u00e1n detalladas por nuestros expertos en viajes en cada caso particular.<\/p>\n<p>5. <strong>CANCELACIONES Y REEMBOLSOS<\/strong><\/p>\n<p style=\"padding-left: 40px;\">Las cancelaciones est\u00e1n sujetas a las siguientes penalidades sobre el precio total del viaje:<\/p>\n<p style=\"padding-left: 80px;\">\u2022 Dep\u00f3sito no reembolsable del 30% debido en el momento de la confirmaci\u00f3n.<br \/>\n\u2022 De 45 a 31 d\u00edas antes de la llegada: penalizaci\u00f3n del 50%.<br \/>\n\u2022 30 d\u00edas o menos antes de la llegada: penalizaci\u00f3n del 100%.<\/p>\n<p style=\"padding-left: 40px;\">Las tarifas de cancelaci\u00f3n pueden variar para ciertos itinerarios personalizados; tu consultor de Trips SouthAmerica te especificar\u00e1 las tarifas de cancelaci\u00f3n antes de realizar tu reserva. Por favor, consulta con nosotros si tienes alguna duda.<\/p>\n<p>6. <strong>POL\u00cdTICAS Y TARIFAS PARA BEB\u00c9S Y NI\u00d1OS<\/strong><\/p>\n<p style=\"padding-left: 40px;\">Los t\u00e9rminos y tarifas especiales para menores se aplicar\u00e1n en cada cotizaci\u00f3n, ya que est\u00e1n sujetos a los proveedores involucrados en cada propuesta y a la edad del menor.<\/p>\n<p style=\"padding-left: 40px;\">Se requiere una copia escaneada del pasaporte del ni\u00f1o (al igual que el resto de la familia) para finalizar la reserva.<\/p>\n<p>7. <strong>FECHAS Y CONDICIONES ESPECIALES<\/strong><\/p>\n<p style=\"padding-left: 40px;\">Algunos destinos, servicios y hoteles aumentan sus tarifas y tienen t\u00e9rminos y condiciones m\u00e1s estrictos durante ciertos d\u00edas festivos, festividades religiosas o fechas especiales.<br \/>\nEn el caso de que alguna cotizaci\u00f3n no siga los plazos regulares y las tarifas de cancelaci\u00f3n, nuestros consultores de viajes lo especificar\u00e1n.<\/p>\n<p style=\"padding-left: 40px;\">Algunas de estas fechas o eventos especiales son:<\/p>\n<p style=\"padding-left: 80px;\">\u2022 Carnaval.<br \/>\n\u2022 Festival Tapati.<br \/>\n\u2022 Semana Santa.<br \/>\n\u2022 Feriados nacionales, variables en cada pa\u00eds.<br \/>\n\u2022 Vacaciones de Navidad (24 y 25 de diciembre).<br \/>\n\u2022 Vacaciones de A\u00f1o Nuevo (31 de diciembre y 1 de enero).<br \/>\n\u2022 Eventos especiales en cada ciudad.<br \/>\n\u2022 Eventos deportivos.<br \/>\n\u2022 Reuniones y eventos de importancia internacional.<\/p>\n<p>8. <strong>PASAPORTES, VISAS, ADUANAS Y EXTRAS<\/strong><\/p>\n<p style=\"padding-left: 40px;\">El pasajero es responsable de obtener pasaportes, visas, seguro de viaje, pago de equipaje facturado y\/o exceso de equipaje, extras personales en el hotel (bebidas, servicios de lavander\u00eda y comunicaci\u00f3n, etc.), impuestos de salida nacionales e internacionales del aeropuerto, propinas, tasas tur\u00edsticas de la ciudad, impuesto portuario y cualquier otro servicio que no se haya especificado en el itinerario.<\/p>\n<p style=\"padding-left: 40px;\">Si tienes alguna duda, consulta con el consultor de viajes designado, quien aclarar\u00e1 todos los detalles.<\/p>\n<p>9. <strong>VACUNAS<\/strong><\/p>\n<p style=\"padding-left: 40px;\">Ten en cuenta que los requisitos de vacunaci\u00f3n est\u00e1n sujetos a cambios en cada pa\u00eds y es responsabilidad del viajero, no de Trips SouthAmerica, verificar los requisitos antes de la llegada. Sin embargo, si tienes alguna duda, no dudes en contactar a uno de nuestros expertos en destinos que te ayudar\u00e1.<\/p>\n<p style=\"padding-left: 40px;\">Adem\u00e1s, la <a href=\"https:\/\/www.who.int\/topics\/travel\/es\/\">Organizaci\u00f3n Mundial de la Salud<\/a> recomienda las siguientes vacunas para los viajeros a Sudam\u00e9rica: hepatitis A, hepatitis B, tifoidea, c\u00f3lera, fiebre amarilla y rabia.<\/p>\n<p style=\"padding-left: 40px;\">Tambi\u00e9n se recomiendan algunas vacunas de rutina, como el sarampi\u00f3n, las paperas y la rub\u00e9ola (MMR), t\u00e9tanos, difteria y tos ferina (Tdap), influenza, varicela, herpes z\u00f3ster, neumon\u00eda, meningitis y polio. Si tienes alguna duda, consulta a tu m\u00e9dico antes de viajar.<\/p>\n<p style=\"padding-left: 40px;\">Es posible que se requiera prueba de vacunaci\u00f3n contra la fiebre amarilla para algunos viajeros, seg\u00fan su itinerario espec\u00edfico. Puedes encontrar m\u00e1s detalles en el sitio web de la OMS.<\/p>\n<p>10. <strong>SEGURO DE VIAJE<\/strong><\/p>\n<p style=\"padding-left: 40px;\">Recomendamos encarecidamente a los pasajeros que obtengan un seguro de cancelaci\u00f3n de viaje, repatriaci\u00f3n y seguro m\u00e9dico internacional para cubrir cualquier inconveniente que pueda surgir durante el viaje.<\/p>\n<p style=\"padding-left: 40px;\">Tambi\u00e9n te instamos a consultar con un m\u00e9dico para actualizar las vacunas y revisar cualquier problema m\u00e9dico relacionado con los viajes internacionales.<\/p>\n<p>11. <strong>CL\u00c1USULA DE RESPONSABILIDAD<\/strong><\/p>\n<p style=\"padding-left: 40px;\">El operador tur\u00edstico y sus agentes act\u00faan \u00fanicamente como intermediarios para los pasajeros en todos los asuntos relacionados con el transporte, el alojamiento u otros servicios que no sean proporcionados directamente por Trips SouthAmerica.<\/p>\n<p style=\"padding-left: 40px;\">Como intermediarios, todos los boletos, \u00f3rdenes de canje o vales son emitidos por ellos sujetos a todos los t\u00e9rminos y condiciones bajo los cuales se ofrecen o proporcionan dichos medios de transporte, alojamiento u otros servicios.<\/p>\n<p style=\"padding-left: 40px;\">El agente de reserva, las aerol\u00edneas involucradas y el agente general no ser\u00e1n responsables de ning\u00fan veh\u00edculo proporcionado por cualquier otra parte, empresa o corporaci\u00f3n en el cumplimiento o incumplimiento de los arreglos previamente acordados, ni por la negligencia de cualquier otra parte, empresa o corporaci\u00f3n en la provisi\u00f3n o falta de provisi\u00f3n. No se les responsabilizar\u00e1 por ning\u00fan acto, omisi\u00f3n o evento durante el tiempo en que los pasajeros no est\u00e9n a bordo de su transporte.<\/p>\n<p style=\"padding-left: 40px;\">El contrato de pasajero en uso por parte de las aerol\u00edneas correspondientes, cuando se emite, constituir\u00e1 el \u00fanico contrato entre el agente de reserva, el agente general de la aerol\u00ednea y el comprador y\/o pasajero de estos.<\/p>\n<p style=\"padding-left: 40px;\">Sugerimos que contrates una p\u00f3liza de seguro con tu agencia de viajes.<\/p>\n<p>[\/vc_column_text][\/vc_column][\/vc_row]<\/p>\n","protected":false},"excerpt":{"rendered":"<p>[vc_row full_width=\u00bbstretch_row\u00bb content_placement=\u00bbtop\u00bb css=\u00bb.vc_custom_1580411752464{padding-top: 30px !important;padding-bottom: 60px !important;background-image: url(https:\/\/trips-southamerica.com\/wp-content\/uploads\/header-pataognia-v3.jpg?id=20888) !important;background-position: center !important;background-repeat: no-repeat !important;background-size: cover !important;}\u00bb][vc_column][vc_row_inner][vc_column_inner css=\u00bb.vc_custom_1580329211112{padding-right: 30px !important;padding-left: 30px !important;}\u00bb][vc_custom_heading text=\u00bbTrips SouthAmerica\u00bb font_container=\u00bbtag:h3|text_align:center|color:%23ffffff\u00bb use_theme_fonts=\u00bbyes\u00bb css_animation=\u00bbfadeIn\u00bb<span class=\"excerpt-hellip\"> [\u2026]<\/span><\/p>\n","protected":false},"author":60,"featured_media":0,"parent":10089,"menu_order":0,"comment_status":"closed","ping_status":"closed","template":"","meta":{"_joinchat":[]},"yoast_head":"<!-- This site is optimized with the Yoast SEO plugin v19.9 - https:\/\/yoast.com\/wordpress\/plugins\/seo\/ -->\n<title>Terminos y Condiciones - Trips SouthAmerica<\/title>\n<meta name=\"robots\" content=\"index, follow, max-snippet:-1, max-image-preview:large, max-video-preview:-1\" \/>\n<link rel=\"canonical\" href=\"https:\/\/trips-southamerica.com\/webold\/es\/acerca-de-trips-southamerica\/terminos-y-condiciones\/\" \/>\n<meta property=\"og:locale\" content=\"es_ES\" \/>\n<meta property=\"og:type\" content=\"article\" \/>\n<meta property=\"og:title\" content=\"Terminos y Condiciones - Trips SouthAmerica\" \/>\n<meta property=\"og:description\" content=\"[vc_row full_width=\u00bbstretch_row\u00bb content_placement=\u00bbtop\u00bb css=\u00bb.vc_custom_1580411752464{padding-top: 30px !important;padding-bottom: 60px !important;background-image: url(https:\/\/trips-southamerica.com\/wp-content\/uploads\/header-pataognia-v3.jpg?id=20888) !important;background-position: center !important;background-repeat: no-repeat !important;background-size: cover !important;}\u00bb][vc_column][vc_row_inner][vc_column_inner css=\u00bb.vc_custom_1580329211112{padding-right: 30px !important;padding-left: 30px !important;}\u00bb][vc_custom_heading text=\u00bbTrips SouthAmerica\u00bb font_container=\u00bbtag:h3|text_align:center|color:%23ffffff\u00bb use_theme_fonts=\u00bbyes\u00bb css_animation=\u00bbfadeIn\u00bb [\u2026]\" \/>\n<meta property=\"og:url\" content=\"https:\/\/trips-southamerica.com\/webold\/es\/acerca-de-trips-southamerica\/terminos-y-condiciones\/\" \/>\n<meta property=\"og:site_name\" content=\"Trips SouthAmerica\" \/>\n<meta property=\"article:publisher\" content=\"https:\/\/www.facebook.com\/tripsouthamerica\" \/>\n<meta property=\"article:modified_time\" content=\"2023-11-22T19:08:26+00:00\" \/>\n<meta name=\"twitter:card\" content=\"summary_large_image\" \/>\n<meta name=\"twitter:site\" content=\"@tsouthamerica\" \/>\n<meta name=\"twitter:label1\" content=\"Tiempo de lectura\" \/>\n\t<meta name=\"twitter:data1\" content=\"5 minutos\" \/>\n<script type=\"application\/ld+json\" class=\"yoast-schema-graph\">{\"@context\":\"https:\/\/schema.org\",\"@graph\":[{\"@type\":\"WebPage\",\"@id\":\"https:\/\/trips-southamerica.com\/webold\/es\/acerca-de-trips-southamerica\/terminos-y-condiciones\/\",\"url\":\"https:\/\/trips-southamerica.com\/webold\/es\/acerca-de-trips-southamerica\/terminos-y-condiciones\/\",\"name\":\"Terminos y Condiciones - Trips SouthAmerica\",\"isPartOf\":{\"@id\":\"https:\/\/trips-southamerica.com\/webold\/#website\"},\"datePublished\":\"2021-11-11T21:46:30+00:00\",\"dateModified\":\"2023-11-22T19:08:26+00:00\",\"breadcrumb\":{\"@id\":\"https:\/\/trips-southamerica.com\/webold\/es\/acerca-de-trips-southamerica\/terminos-y-condiciones\/#breadcrumb\"},\"inLanguage\":\"es\",\"potentialAction\":[{\"@type\":\"ReadAction\",\"target\":[\"https:\/\/trips-southamerica.com\/webold\/es\/acerca-de-trips-southamerica\/terminos-y-condiciones\/\"]}]},{\"@type\":\"BreadcrumbList\",\"@id\":\"https:\/\/trips-southamerica.com\/webold\/es\/acerca-de-trips-southamerica\/terminos-y-condiciones\/#breadcrumb\",\"itemListElement\":[{\"@type\":\"ListItem\",\"position\":1,\"name\":\"Home\",\"item\":\"https:\/\/trips-southamerica.com\/webold\/es\/\"},{\"@type\":\"ListItem\",\"position\":2,\"name\":\"Acerca de\",\"item\":\"https:\/\/trips-southamerica.com\/webold\/es\/acerca-de-trips-southamerica\/\"},{\"@type\":\"ListItem\",\"position\":3,\"name\":\"Terminos y Condiciones\"}]},{\"@type\":\"WebSite\",\"@id\":\"https:\/\/trips-southamerica.com\/webold\/#website\",\"url\":\"https:\/\/trips-southamerica.com\/webold\/\",\"name\":\"Trips SouthAmerica\",\"description\":\"South America Travel Operator\",\"publisher\":{\"@id\":\"https:\/\/trips-southamerica.com\/webold\/#organization\"},\"potentialAction\":[{\"@type\":\"SearchAction\",\"target\":{\"@type\":\"EntryPoint\",\"urlTemplate\":\"https:\/\/trips-southamerica.com\/webold\/?s={search_term_string}\"},\"query-input\":\"required name=search_term_string\"}],\"inLanguage\":\"es\"},{\"@type\":\"Organization\",\"@id\":\"https:\/\/trips-southamerica.com\/webold\/#organization\",\"name\":\"Trips SouthAmerica\",\"url\":\"https:\/\/trips-southamerica.com\/webold\/\",\"logo\":{\"@type\":\"ImageObject\",\"inLanguage\":\"es\",\"@id\":\"https:\/\/trips-southamerica.com\/webold\/#\/schema\/logo\/image\/\",\"url\":\"https:\/\/trips-southamerica.com\/webold\/wp-content\/uploads\/logo-header.png\",\"contentUrl\":\"https:\/\/trips-southamerica.com\/webold\/wp-content\/uploads\/logo-header.png\",\"width\":497,\"height\":79,\"caption\":\"Trips SouthAmerica\"},\"image\":{\"@id\":\"https:\/\/trips-southamerica.com\/webold\/#\/schema\/logo\/image\/\"},\"sameAs\":[\"https:\/\/www.linkedin.com\/company\/trips-southamerica\/\",\"http:\/\/trips-southamerica.com\/\",\"https:\/\/www.facebook.com\/tripsouthamerica\",\"https:\/\/twitter.com\/tsouthamerica\"]}]}<\/script>\n<!-- \/ Yoast SEO plugin. -->","yoast_head_json":{"title":"Terminos y Condiciones - Trips SouthAmerica","robots":{"index":"index","follow":"follow","max-snippet":"max-snippet:-1","max-image-preview":"max-image-preview:large","max-video-preview":"max-video-preview:-1"},"canonical":"https:\/\/trips-southamerica.com\/webold\/es\/acerca-de-trips-southamerica\/terminos-y-condiciones\/","og_locale":"es_ES","og_type":"article","og_title":"Terminos y Condiciones - Trips SouthAmerica","og_description":"[vc_row full_width=\u00bbstretch_row\u00bb content_placement=\u00bbtop\u00bb css=\u00bb.vc_custom_1580411752464{padding-top: 30px !important;padding-bottom: 60px !important;background-image: url(https:\/\/trips-southamerica.com\/wp-content\/uploads\/header-pataognia-v3.jpg?id=20888) !important;background-position: center !important;background-repeat: no-repeat !important;background-size: cover !important;}\u00bb][vc_column][vc_row_inner][vc_column_inner css=\u00bb.vc_custom_1580329211112{padding-right: 30px !important;padding-left: 30px !important;}\u00bb][vc_custom_heading text=\u00bbTrips SouthAmerica\u00bb font_container=\u00bbtag:h3|text_align:center|color:%23ffffff\u00bb use_theme_fonts=\u00bbyes\u00bb css_animation=\u00bbfadeIn\u00bb [\u2026]","og_url":"https:\/\/trips-southamerica.com\/webold\/es\/acerca-de-trips-southamerica\/terminos-y-condiciones\/","og_site_name":"Trips SouthAmerica","article_publisher":"https:\/\/www.facebook.com\/tripsouthamerica","article_modified_time":"2023-11-22T19:08:26+00:00","twitter_card":"summary_large_image","twitter_site":"@tsouthamerica","twitter_misc":{"Tiempo de lectura":"5 minutos"},"schema":{"@context":"https:\/\/schema.org","@graph":[{"@type":"WebPage","@id":"https:\/\/trips-southamerica.com\/webold\/es\/acerca-de-trips-southamerica\/terminos-y-condiciones\/","url":"https:\/\/trips-southamerica.com\/webold\/es\/acerca-de-trips-southamerica\/terminos-y-condiciones\/","name":"Terminos y Condiciones - Trips SouthAmerica","isPartOf":{"@id":"https:\/\/trips-southamerica.com\/webold\/#website"},"datePublished":"2021-11-11T21:46:30+00:00","dateModified":"2023-11-22T19:08:26+00:00","breadcrumb":{"@id":"https:\/\/trips-southamerica.com\/webold\/es\/acerca-de-trips-southamerica\/terminos-y-condiciones\/#breadcrumb"},"inLanguage":"es","potentialAction":[{"@type":"ReadAction","target":["https:\/\/trips-southamerica.com\/webold\/es\/acerca-de-trips-southamerica\/terminos-y-condiciones\/"]}]},{"@type":"BreadcrumbList","@id":"https:\/\/trips-southamerica.com\/webold\/es\/acerca-de-trips-southamerica\/terminos-y-condiciones\/#breadcrumb","itemListElement":[{"@type":"ListItem","position":1,"name":"Home","item":"https:\/\/trips-southamerica.com\/webold\/es\/"},{"@type":"ListItem","position":2,"name":"Acerca de","item":"https:\/\/trips-southamerica.com\/webold\/es\/acerca-de-trips-southamerica\/"},{"@type":"ListItem","position":3,"name":"Terminos y Condiciones"}]},{"@type":"WebSite","@id":"https:\/\/trips-southamerica.com\/webold\/#website","url":"https:\/\/trips-southamerica.com\/webold\/","name":"Trips SouthAmerica","description":"South America Travel Operator","publisher":{"@id":"https:\/\/trips-southamerica.com\/webold\/#organization"},"potentialAction":[{"@type":"SearchAction","target":{"@type":"EntryPoint","urlTemplate":"https:\/\/trips-southamerica.com\/webold\/?s={search_term_string}"},"query-input":"required name=search_term_string"}],"inLanguage":"es"},{"@type":"Organization","@id":"https:\/\/trips-southamerica.com\/webold\/#organization","name":"Trips SouthAmerica","url":"https:\/\/trips-southamerica.com\/webold\/","logo":{"@type":"ImageObject","inLanguage":"es","@id":"https:\/\/trips-southamerica.com\/webold\/#\/schema\/logo\/image\/","url":"https:\/\/trips-southamerica.com\/webold\/wp-content\/uploads\/logo-header.png","contentUrl":"https:\/\/trips-southamerica.com\/webold\/wp-content\/uploads\/logo-header.png","width":497,"height":79,"caption":"Trips SouthAmerica"},"image":{"@id":"https:\/\/trips-southamerica.com\/webold\/#\/schema\/logo\/image\/"},"sameAs":["https:\/\/www.linkedin.com\/company\/trips-southamerica\/","http:\/\/trips-southamerica.com\/","https:\/\/www.facebook.com\/tripsouthamerica","https:\/\/twitter.com\/tsouthamerica"]}]}},"_links":{"self":[{"href":"https:\/\/trips-southamerica.com\/webold\/es\/wp-json\/wp\/v2\/pages\/4758"}],"collection":[{"href":"https:\/\/trips-southamerica.com\/webold\/es\/wp-json\/wp\/v2\/pages"}],"about":[{"href":"https:\/\/trips-southamerica.com\/webold\/es\/wp-json\/wp\/v2\/types\/page"}],"author":[{"embeddable":true,"href":"https:\/\/trips-southamerica.com\/webold\/es\/wp-json\/wp\/v2\/users\/60"}],"replies":[{"embeddable":true,"href":"https:\/\/trips-southamerica.com\/webold\/es\/wp-json\/wp\/v2\/comments?post=4758"}],"version-history":[{"count":21,"href":"https:\/\/trips-southamerica.com\/webold\/es\/wp-json\/wp\/v2\/pages\/4758\/revisions"}],"predecessor-version":[{"id":31365,"href":"https:\/\/trips-southamerica.com\/webold\/es\/wp-json\/wp\/v2\/pages\/4758\/revisions\/31365"}],"up":[{"embeddable":true,"href":"https:\/\/trips-southamerica.com\/webold\/es\/wp-json\/wp\/v2\/pages\/10089"}],"wp:attachment":[{"href":"https:\/\/trips-southamerica.com\/webold\/es\/wp-json\/wp\/v2\/media?parent=4758"}],"curies":[{"name":"wp","href":"https:\/\/api.w.org\/{rel}","templated":true}]}}